{"id":9071,"date":"2022-01-25T11:52:10","date_gmt":"2022-01-25T16:52:10","guid":{"rendered":"https:\/\/organicfederation.ca\/organic-advocacy\/"},"modified":"2025-10-29T08:08:48","modified_gmt":"2025-10-29T12:08:48","slug":"campagne-biologique","status":"publish","type":"page","link":"https:\/\/organicfederation.ca\/fr\/campagne-biologique\/","title":{"rendered":"Plan d&rsquo;action biologique"},"content":{"rendered":"\t\t<div data-elementor-type=\"wp-page\" data-elementor-id=\"9071\" class=\"elementor elementor-9071 elementor-8967\" data-elementor-settings=\"{&quot;ha_cmc_init_switcher&quot;:&quot;no&quot;}\" data-elementor-post-type=\"page\">\n\t\t\t\t\t\t<section class=\"elementor-section elementor-top-section elementor-element elementor-element-857d387 elementor-section-boxed elementor-section-height-default elementor-section-height-default\" data-id=\"857d387\" data-element_type=\"section\" data-e-type=\"section\">\n\t\t\t\t\t\t<div class=\"elementor-container elementor-column-gap-default\">\n\t\t\t\t\t<div class=\"elementor-column elementor-col-100 elementor-top-column elementor-element elementor-element-8c530e8\" data-id=\"8c530e8\" data-element_type=\"column\" data-e-type=\"column\">\n\t\t\t<div class=\"elementor-widget-wrap elementor-element-populated\">\n\t\t\t\t\t\t<div class=\"elementor-element elementor-element-68e3298 elementor-widget elementor-widget-text-editor\" data-id=\"68e3298\" data-element_type=\"widget\" data-e-type=\"widget\" data-widget_type=\"text-editor.default\">\n\t\t\t\t<div class=\"elementor-widget-container\">\n\t\t\t\t\t\t\t\t\t<p>\u00a0<\/p><p><b>Le nouveau Plan d&rsquo;action biologique <\/b><\/p><p><b>trace la voie \u00e0 suivre <\/b><\/p><p><b>pour d\u00e9velopper le secteur de l&rsquo;alimentation et de l&rsquo;agriculture biologiques au Canada <\/b><\/p><p><b>et renforcer sa comp\u00e9titivit\u00e9.<\/b><\/p>\t\t\t\t\t\t\t\t<\/div>\n\t\t\t\t<\/div>\n\t\t\t\t<section class=\"elementor-section elementor-inner-section elementor-element elementor-element-79127d5 elementor-section-boxed elementor-section-height-default elementor-section-height-default\" data-id=\"79127d5\" data-element_type=\"section\" data-e-type=\"section\">\n\t\t\t\t\t\t<div class=\"elementor-container elementor-column-gap-default\">\n\t\t\t\t\t<div class=\"elementor-column elementor-col-100 elementor-inner-column elementor-element elementor-element-d382a16\" data-id=\"d382a16\" data-element_type=\"column\" data-e-type=\"column\">\n\t\t\t<div class=\"elementor-widget-wrap elementor-element-populated\">\n\t\t\t\t\t\t<div class=\"elementor-element elementor-element-8d97677 elementor-widget elementor-widget-text-editor\" data-id=\"8d97677\" data-element_type=\"widget\" data-e-type=\"widget\" data-widget_type=\"text-editor.default\">\n\t\t\t\t<div class=\"elementor-widget-container\">\n\t\t\t\t\t\t\t\t\t<p>\u00a0 \u00a0 \u00a0 \u00a0 \u00a0 \u00a0 \u00a0 \u00a0 \u00a0 \u00a0 \u00a0 \u00a0 \u00a0 \u00a0 \u00a0 \u00a0 \u00a0 \u00a0 \u00a0 \u00a0 \u00a0 \u00a0 \u00a0 \u00a0 \u00a0 \u00a0 \u00a0 \u00a0 \u00a0 \u00a0 \u00a0 \u00a0 \u00a0 \u00a0 \u00a0 \u00a0 \u00a0 \u00a0 \u00a0 \u00a0 \u00a0 \u00a0 \u00a0 \u00a0 \u00a0 \u00a0 \u00a0 \u00a0 \u00a0 \u00a0 \u00a0 \u00a0 \u00a0 \u00a0 \u00a0 \u00a0 \u00a0 \u00a0 \u00a0 \u00a0 \u00a0 \u00a0 \u00a0 \u00a0 \u00a0 \u00a0 \u00a0 \u00a0 \u00a0 \u00a0 \u00a0 \u00a0 \u00a0 \u00a0 \u00a0 \u00a0 \u00a0 \u00a0 \u00a0 \u00a0 \u00a0 \u00a0 \u00a0 \u00a0 \u00a0 \u00a0 \u00a0 \u00a0 Le 29 octobre 2025<\/p><p><span style=\"font-weight: 400;\">L&rsquo;Alliance biologique canadienne, qui regroupe l&rsquo;Association pour le commerce biologique du Canada, Canadian Organic Growers et la F\u00e9d\u00e9ration biologique du Canada, est heureuse\u00a0 d&rsquo;annoncer le lancement d&rsquo;un Plan d&rsquo;action biologique historique qui invite les gouvernements \u00e0 adopter une strat\u00e9gie coordonn\u00e9e afin de lib\u00e9rer le potentiel de croissance du secteur biologique canadien, de renforcer la comp\u00e9titivit\u00e9 et de mettre en place une cha\u00eene d&rsquo;approvisionnement nationale r\u00e9siliente capable de r\u00e9pondre \u00e0 la demande croissante des consommateurs.<\/span><\/p><p><b>L&rsquo;alimentation et l&rsquo;agriculture biologiques sont des outils \u00e9conomiques et politiques puissants qui peuvent contribuer \u00e0 la r\u00e9alisation des objectifs du Canada en mati\u00e8re de croissance, de commerce et de performance environnementale. Pourtant, le Canada ne dispose actuellement d&rsquo;aucune strat\u00e9gie pour exploiter pleinement ce potentiel.<\/b><\/p><p><span style=\"font-weight: 400;\">Le march\u00e9 biologique canadien a atteint 9,75 milliards de dollars en 2024, soit une croissance de plus de 8 % depuis 2023, ce qui en fait le cinqui\u00e8me march\u00e9 mondial dans un march\u00e9 global qui vaut d\u00e9sormais plus de 200 milliards de dollars. Cependant, le Canada ne suit pas le rythme : la production nationale stagne, les importations augmentent et les transformateurs canadiens ont du mal \u00e0 s&rsquo;approvisionner en ingr\u00e9dients biologiques canadiens. Pendant ce temps, les concurrents du Canada ont reconnu cette opportunit\u00e9 et ont adopt\u00e9 des politiques et des programmes de soutien de leur industrie biologique , les \u00c9tats-Unis d\u00e9pensant huit fois plus par acre et par an et l&rsquo;Union europ\u00e9enne 200 fois plus.<\/span><\/p><p><span style=\"font-weight: 400;\">Le Plan d&rsquo;action biologique identifie les mesures n\u00e9cessaires pour renforcer et d\u00e9velopper la production et les march\u00e9s biologiques au Canada. \u00c9labor\u00e9 conjointement par les trois organisations avec une large contribution du secteur, le plan propose une approche publique-priv\u00e9e incluant\u00a0 des engagements coordonn\u00e9s entre\u00a0 l&rsquo;industrie et le gouvernement pour stimuler la croissance, l&rsquo;investissement et la coordination entre les juridictions.<\/span><\/p>\t\t\t\t\t\t\t\t<\/div>\n\t\t\t\t<\/div>\n\t\t\t\t<div class=\"elementor-element elementor-element-bd8628f elementor-widget__width-initial elementor-widget elementor-widget-image\" data-id=\"bd8628f\" data-element_type=\"widget\" data-e-type=\"widget\" data-widget_type=\"image.default\">\n\t\t\t\t<div class=\"elementor-widget-container\">\n\t\t\t\t\t\t\t\t\t\t\t\t\t\t\t<img fetchpriority=\"high\" decoding=\"async\" width=\"617\" height=\"457\" src=\"https:\/\/organicfederation.ca\/wp-content\/uploads\/OAP-cover-FR.png\" class=\"attachment-large size-large wp-image-15564\" alt=\"\" srcset=\"https:\/\/organicfederation.ca\/wp-content\/uploads\/OAP-cover-FR.png 617w, https:\/\/organicfederation.ca\/wp-content\/uploads\/OAP-cover-FR-300x222.png 300w, https:\/\/organicfederation.ca\/wp-content\/uploads\/OAP-cover-FR-360x267.png 360w\" sizes=\"(max-width: 617px) 100vw, 617px\" \/>\t\t\t\t\t\t\t\t\t\t\t\t\t\t\t<\/div>\n\t\t\t\t<\/div>\n\t\t\t\t<div class=\"elementor-element elementor-element-1c54a27 elementor-widget elementor-widget-text-editor\" data-id=\"1c54a27\" data-element_type=\"widget\" data-e-type=\"widget\" data-widget_type=\"text-editor.default\">\n\t\t\t\t<div class=\"elementor-widget-container\">\n\t\t\t\t\t\t\t\t\t<p><span style=\"font-weight: 400;\">\u00a0<\/span><\/p><p><span style=\"font-weight: 400;\">Le Plan d&rsquo;action biologique recommande des mesures s&rsquo;articulant autour de trois piliers afin de renforcer et d&rsquo;am\u00e9liorer la comp\u00e9titivit\u00e9 du secteur biologique :<\/span><\/p><ol><li style=\"font-weight: 400;\" aria-level=\"1\"><b>Acc\u00e9l\u00e9rer la croissance et l&rsquo;innovation dans la production biologique<\/b><span style=\"font-weight: 400;\"> \u2013 D\u00e9velopper la recherche, la formation et le soutien \u00e0 la conversion afin de stimuler la productivit\u00e9 et l&rsquo;offre biologique nationale.<\/span><\/li><li style=\"font-weight: 400;\" aria-level=\"1\"><b>D\u00e9velopper les march\u00e9s et la demande biologiques<\/b><span style=\"font-weight: 400;\"> \u2013 Investir dans les capacit\u00e9s de transformation, les cha\u00eenes d&rsquo;approvisionnement r\u00e9gionales et le d\u00e9veloppement des march\u00e9s nationaux et internationaux.\u00a0<\/span><\/li><li style=\"font-weight: 400;\" aria-level=\"1\"><b>Renforcer les infrastructures politiques, r\u00e9glementaires et de donn\u00e9es pour le secteur biologique \u2013 <\/b><span style=\"font-weight: 400;\">Cr\u00e9er un cadre national coordonn\u00e9, moderniser la r\u00e9glementation et am\u00e9liorer l&rsquo;acc\u00e8s \u00e0 des donn\u00e9es fiables sur le secteur biologique.<\/span><\/li><\/ol><p>\u00a0<\/p><p><span style=\"font-weight: 400;\">Le plan jette les bases d&rsquo;un cadre politique biologique et sert de guide pour une action sectorielle strat\u00e9gique. Joignez-vous \u00e0 nous pour mettre en \u0153uvre ce plan afin de b\u00e9n\u00e9ficier\u00a0 des avantages durables pour les agriculteurs, les entreprises, les consommateurs et l&rsquo;environnement.<\/span><\/p>\t\t\t\t\t\t\t\t<\/div>\n\t\t\t\t<\/div>\n\t\t\t\t\t<\/div>\n\t\t<\/div>\n\t\t\t\t\t<\/div>\n\t\t<\/section>\n\t\t\t\t<div class=\"elementor-element elementor-element-e1254bf elementor-align-center elementor-widget elementor-widget-button\" data-id=\"e1254bf\" data-element_type=\"widget\" data-e-type=\"widget\" data-widget_type=\"button.default\">\n\t\t\t\t<div class=\"elementor-widget-container\">\n\t\t\t\t\t\t\t\t\t<div class=\"elementor-button-wrapper\">\n\t\t\t\t\t<a class=\"elementor-button elementor-button-link elementor-size-sm\" href=\"https:\/\/drive.google.com\/file\/d\/10W4Mdmd2yWY6pToHtCEzxYA5iWYTJtOS\/view\" rel=\"nofollow noopener\" target=\"_blank\">\n\t\t\t\t\t\t<span class=\"elementor-button-content-wrapper\">\n\t\t\t\t\t\t\t\t\t<span class=\"elementor-button-text\">Lisez le Plan d'action biologique <\/span>\n\t\t\t\t\t<\/span>\n\t\t\t\t\t<\/a>\n\t\t\t\t<\/div>\n\t\t\t\t\t\t\t\t<\/div>\n\t\t\t\t<\/div>\n\t\t\t\t<div class=\"elementor-element elementor-element-85cf156 elementor-align-center elementor-widget elementor-widget-button\" data-id=\"85cf156\" data-element_type=\"widget\" data-e-type=\"widget\" data-widget_type=\"button.default\">\n\t\t\t\t<div class=\"elementor-widget-container\">\n\t\t\t\t\t\t\t\t\t<div class=\"elementor-button-wrapper\">\n\t\t\t\t\t<a class=\"elementor-button elementor-button-link elementor-size-sm\" href=\"https:\/\/mailchi.mp\/organicfederation\/c9fc6tgt5m-11041786\" rel=\"nofollow noopener\" target=\"_blank\">\n\t\t\t\t\t\t<span class=\"elementor-button-content-wrapper\">\n\t\t\t\t\t\t\t\t\t<span class=\"elementor-button-text\">Le communiqu\u00e9 de presse <\/span>\n\t\t\t\t\t<\/span>\n\t\t\t\t\t<\/a>\n\t\t\t\t<\/div>\n\t\t\t\t\t\t\t\t<\/div>\n\t\t\t\t<\/div>\n\t\t\t\t\t<\/div>\n\t\t<\/div>\n\t\t\t\t\t<\/div>\n\t\t<\/section>\n\t\t\t\t<section class=\"elementor-section elementor-top-section elementor-element elementor-element-f40f1b0 elementor-section-boxed elementor-section-height-default elementor-section-height-default\" data-id=\"f40f1b0\" data-element_type=\"section\" data-e-type=\"section\">\n\t\t\t\t\t\t<div class=\"elementor-container elementor-column-gap-default\">\n\t\t\t\t\t<div class=\"elementor-column elementor-col-100 elementor-top-column elementor-element elementor-element-0e13db0\" data-id=\"0e13db0\" data-element_type=\"column\" data-e-type=\"column\">\n\t\t\t<div class=\"elementor-widget-wrap\">\n\t\t\t\t\t\t\t<\/div>\n\t\t<\/div>\n\t\t\t\t\t<\/div>\n\t\t<\/section>\n\t\t\t\t<section class=\"elementor-section elementor-top-section elementor-element elementor-element-92746c5 elementor-section-boxed elementor-section-height-default elementor-section-height-default\" data-id=\"92746c5\" data-element_type=\"section\" data-e-type=\"section\">\n\t\t\t\t\t\t<div class=\"elementor-container elementor-column-gap-default\">\n\t\t\t\t\t<div class=\"elementor-column elementor-col-100 elementor-top-column elementor-element elementor-element-a3a2474\" data-id=\"a3a2474\" data-element_type=\"column\" data-e-type=\"column\">\n\t\t\t<div class=\"elementor-widget-wrap elementor-element-populated\">\n\t\t\t\t\t\t<div class=\"elementor-element elementor-element-acb8d67 elementor-widget-divider--separator-type-pattern elementor-widget-divider--no-spacing elementor-widget-divider--view-line elementor-widget elementor-widget-divider\" data-id=\"acb8d67\" data-element_type=\"widget\" data-e-type=\"widget\" data-widget_type=\"divider.default\">\n\t\t\t\t<div class=\"elementor-widget-container\">\n\t\t\t\t\t\t\t<div class=\"elementor-divider\" style=\"--divider-pattern-url: url(&quot;data:image\/svg+xml,%3Csvg xmlns=&#039;http:\/\/www.w3.org\/2000\/svg&#039; preserveAspectRatio=&#039;xMidYMid meet&#039; overflow=&#039;visible&#039; height=&#039;100%&#039; viewBox=&#039;0 0 126 26&#039; fill=&#039;black&#039; stroke=&#039;none&#039;%3E%3Cpath d=&#039;M3,10.2c2.6,0,2.6,2,2.6,3.2S4.4,16.5,3,16.5s-3-1.4-3-3.2S0.4,10.2,3,10.2z M18.8,10.2c1.7,0,3.2,1.4,3.2,3.2s-1.4,3.2-3.2,3.2c-1.7,0-3.2-1.4-3.2-3.2S17,10.2,18.8,10.2z M34.6,10.2c1.5,0,2.6,1.4,2.6,3.2s-0.5,3.2-1.9,3.2c-1.5,0-3.4-1.4-3.4-3.2S33.1,10.2,34.6,10.2z M50.5,10.2c1.7,0,3.2,1.4,3.2,3.2s-1.4,3.2-3.2,3.2c-1.7,0-3.3-0.9-3.3-2.6S48.7,10.2,50.5,10.2z M66.2,10.2c1.5,0,3.4,1.4,3.4,3.2s-1.9,3.2-3.4,3.2c-1.5,0-2.6-0.4-2.6-2.1S64.8,10.2,66.2,10.2z M82.2,10.2c1.7,0.8,2.6,1.4,2.6,3.2s-0.1,3.2-1.6,3.2c-1.5,0-3.7-1.4-3.7-3.2S80.5,9.4,82.2,10.2zM98.6,10.2c1.5,0,2.6,0.4,2.6,2.1s-1.2,4.2-2.6,4.2c-1.5,0-3.7-0.4-3.7-2.1S97.1,10.2,98.6,10.2z M113.4,10.2c1.2,0,2.2,0.9,2.2,3.2s-0.1,3.2-1.3,3.2s-3.1-1.4-3.1-3.2S112.2,10.2,113.4,10.2z&#039;\/%3E%3C\/svg%3E&quot;);\">\n\t\t\t<span class=\"elementor-divider-separator\">\n\t\t\t\t\t\t<\/span>\n\t\t<\/div>\n\t\t\t\t\t\t<\/div>\n\t\t\t\t<\/div>\n\t\t\t\t<div class=\"elementor-element elementor-element-25679d7 elementor-widget__width-initial elementor-widget elementor-widget-text-editor\" data-id=\"25679d7\" data-element_type=\"widget\" data-e-type=\"widget\" data-widget_type=\"text-editor.default\">\n\t\t\t\t<div class=\"elementor-widget-container\">\n\t\t\t\t\t\t\t\t\t<p><strong>La vid\u00e9o \u2018Soutenir le bio au Canada&rsquo; <\/strong><\/p><p><strong>pr\u00e9sente les agriculteurs biologiques canadiens <\/strong><\/p><p><strong>qui d\u00e9crivent leurs pratiques \u00e9cologiques et\u00a0<\/strong><strong> e<\/strong><strong>xpliquent <\/strong><\/p><p><strong>pourquoi le gouvernement canadien doit soutenir le bio au Canada.<\/strong><\/p>\t\t\t\t\t\t\t\t<\/div>\n\t\t\t\t<\/div>\n\t\t\t\t\t<\/div>\n\t\t<\/div>\n\t\t\t\t\t<\/div>\n\t\t<\/section>\n\t\t\t\t<section class=\"elementor-section elementor-top-section elementor-element elementor-element-2906eb1 elementor-section-boxed elementor-section-height-default elementor-section-height-default\" data-id=\"2906eb1\" data-element_type=\"section\" data-e-type=\"section\">\n\t\t\t\t\t\t<div class=\"elementor-container elementor-column-gap-default\">\n\t\t\t\t\t<div class=\"elementor-column elementor-col-16 elementor-top-column elementor-element elementor-element-32ed757\" data-id=\"32ed757\" data-element_type=\"column\" data-e-type=\"column\">\n\t\t\t<div class=\"elementor-widget-wrap\">\n\t\t\t\t\t\t\t<\/div>\n\t\t<\/div>\n\t\t\t\t<div class=\"elementor-column elementor-col-66 elementor-top-column elementor-element elementor-element-eba571e\" data-id=\"eba571e\" data-element_type=\"column\" data-e-type=\"column\">\n\t\t\t<div class=\"elementor-widget-wrap elementor-element-populated\">\n\t\t\t\t\t\t<div class=\"elementor-element elementor-element-9ea600c elementor-widget elementor-widget-video\" data-id=\"9ea600c\" data-element_type=\"widget\" data-e-type=\"widget\" data-settings=\"{&quot;youtube_url&quot;:&quot;https:\\\/\\\/youtu.be\\\/E5hCz7u1hyk&quot;,&quot;video_type&quot;:&quot;youtube&quot;,&quot;controls&quot;:&quot;yes&quot;}\" data-widget_type=\"video.default\">\n\t\t\t\t<div class=\"elementor-widget-container\">\n\t\t\t\t\t\t\t<div class=\"elementor-wrapper elementor-open-inline\">\n\t\t\t<div class=\"elementor-video\"><\/div>\t\t<\/div>\n\t\t\t\t\t\t<\/div>\n\t\t\t\t<\/div>\n\t\t\t\t\t<\/div>\n\t\t<\/div>\n\t\t\t\t<div class=\"elementor-column elementor-col-16 elementor-top-column elementor-element elementor-element-5c20b30\" data-id=\"5c20b30\" data-element_type=\"column\" data-e-type=\"column\">\n\t\t\t<div class=\"elementor-widget-wrap\">\n\t\t\t\t\t\t\t<\/div>\n\t\t<\/div>\n\t\t\t\t\t<\/div>\n\t\t<\/section>\n\t\t\t\t<section class=\"elementor-section elementor-top-section elementor-element elementor-element-42b8b98 elementor-section-boxed elementor-section-height-default elementor-section-height-default\" data-id=\"42b8b98\" data-element_type=\"section\" data-e-type=\"section\">\n\t\t\t\t\t\t<div class=\"elementor-container elementor-column-gap-default\">\n\t\t\t\t\t<div class=\"elementor-column elementor-col-25 elementor-top-column elementor-element elementor-element-a8a61fd\" data-id=\"a8a61fd\" data-element_type=\"column\" data-e-type=\"column\">\n\t\t\t<div class=\"elementor-widget-wrap\">\n\t\t\t\t\t\t\t<\/div>\n\t\t<\/div>\n\t\t\t\t<div class=\"elementor-column elementor-col-50 elementor-top-column elementor-element elementor-element-8e16c4c\" data-id=\"8e16c4c\" data-element_type=\"column\" data-e-type=\"column\">\n\t\t\t<div class=\"elementor-widget-wrap elementor-element-populated\">\n\t\t\t\t\t\t<div class=\"elementor-element elementor-element-430c83a elementor-widget elementor-widget-image\" data-id=\"430c83a\" data-element_type=\"widget\" data-e-type=\"widget\" data-widget_type=\"image.default\">\n\t\t\t\t<div class=\"elementor-widget-container\">\n\t\t\t\t\t\t\t\t\t\t\t\t\t\t\t<img decoding=\"async\" width=\"661\" height=\"285\" src=\"https:\/\/organicfederation.ca\/wp-content\/uploads\/Directives-FR.jpg\" class=\"attachment-large size-large wp-image-9139\" alt=\"\" srcset=\"https:\/\/organicfederation.ca\/wp-content\/uploads\/Directives-FR.jpg 661w, https:\/\/organicfederation.ca\/wp-content\/uploads\/Directives-FR-300x129.jpg 300w\" sizes=\"(max-width: 661px) 100vw, 661px\" \/>\t\t\t\t\t\t\t\t\t\t\t\t\t\t\t<\/div>\n\t\t\t\t<\/div>\n\t\t\t\t\t<\/div>\n\t\t<\/div>\n\t\t\t\t<div class=\"elementor-column elementor-col-25 elementor-top-column elementor-element elementor-element-1f9e707\" data-id=\"1f9e707\" data-element_type=\"column\" data-e-type=\"column\">\n\t\t\t<div class=\"elementor-widget-wrap\">\n\t\t\t\t\t\t\t<\/div>\n\t\t<\/div>\n\t\t\t\t\t<\/div>\n\t\t<\/section>\n\t\t\t\t<section class=\"elementor-section elementor-top-section elementor-element elementor-element-68fcd9e elementor-section-boxed elementor-section-height-default elementor-section-height-default\" data-id=\"68fcd9e\" data-element_type=\"section\" data-e-type=\"section\">\n\t\t\t\t\t\t<div class=\"elementor-container elementor-column-gap-default\">\n\t\t\t\t\t<div class=\"elementor-column elementor-col-100 elementor-top-column elementor-element elementor-element-19f158e\" data-id=\"19f158e\" data-element_type=\"column\" data-e-type=\"column\">\n\t\t\t<div class=\"elementor-widget-wrap\">\n\t\t\t\t\t\t\t<\/div>\n\t\t<\/div>\n\t\t\t\t\t<\/div>\n\t\t<\/section>\n\t\t\t\t<section class=\"elementor-section elementor-top-section elementor-element elementor-element-45d6f6e elementor-section-boxed elementor-section-height-default elementor-section-height-default\" data-id=\"45d6f6e\" data-element_type=\"section\" data-e-type=\"section\">\n\t\t\t\t\t\t<div class=\"elementor-container elementor-column-gap-default\">\n\t\t\t\t\t<div class=\"elementor-column elementor-col-100 elementor-top-column elementor-element elementor-element-13ac414\" data-id=\"13ac414\" data-element_type=\"column\" data-e-type=\"column\">\n\t\t\t<div class=\"elementor-widget-wrap elementor-element-populated\">\n\t\t\t\t\t\t\t<\/div>\n\t\t<\/div>\n\t\t\t\t\t<\/div>\n\t\t<\/section>\n\t\t\t\t<section class=\"elementor-section elementor-top-section elementor-element elementor-element-22c6867 elementor-section-boxed elementor-section-height-default elementor-section-height-default\" data-id=\"22c6867\" data-element_type=\"section\" data-e-type=\"section\">\n\t\t\t\t\t\t<div class=\"elementor-container elementor-column-gap-default\">\n\t\t\t\t\t<div class=\"elementor-column elementor-col-100 elementor-top-column elementor-element elementor-element-e6c09cd\" data-id=\"e6c09cd\" data-element_type=\"column\" data-e-type=\"column\">\n\t\t\t<div class=\"elementor-widget-wrap\">\n\t\t\t\t\t\t\t<\/div>\n\t\t<\/div>\n\t\t\t\t\t<\/div>\n\t\t<\/section>\n\t\t\t\t<section class=\"elementor-section elementor-top-section elementor-element elementor-element-4d72695 elementor-section-boxed elementor-section-height-default elementor-section-height-default\" data-id=\"4d72695\" data-element_type=\"section\" data-e-type=\"section\">\n\t\t\t\t\t\t<div class=\"elementor-container elementor-column-gap-default\">\n\t\t\t\t\t<div class=\"elementor-column elementor-col-100 elementor-top-column elementor-element elementor-element-034c849\" data-id=\"034c849\" data-element_type=\"column\" data-e-type=\"column\">\n\t\t\t<div class=\"elementor-widget-wrap\">\n\t\t\t\t\t\t\t<\/div>\n\t\t<\/div>\n\t\t\t\t\t<\/div>\n\t\t<\/section>\n\t\t\t\t<section class=\"elementor-section elementor-top-section elementor-element elementor-element-8c61244 elementor-section-boxed elementor-section-height-default elementor-section-height-default\" data-id=\"8c61244\" data-element_type=\"section\" data-e-type=\"section\">\n\t\t\t\t\t\t<div class=\"elementor-container elementor-column-gap-default\">\n\t\t\t\t\t<div class=\"elementor-column elementor-col-100 elementor-top-column elementor-element elementor-element-993cf77\" data-id=\"993cf77\" data-element_type=\"column\" data-e-type=\"column\">\n\t\t\t<div class=\"elementor-widget-wrap\">\n\t\t\t\t\t\t\t<\/div>\n\t\t<\/div>\n\t\t\t\t\t<\/div>\n\t\t<\/section>\n\t\t\t\t<\/div>\n\t\t","protected":false},"excerpt":{"rendered":"<p>\u00a0 Le nouveau Plan d&rsquo;action biologique trace la voie \u00e0 suivre pour d\u00e9velopper le secteur de l&rsquo;alimentation et de l&rsquo;agriculture biologiques au Canada et renforcer sa comp\u00e9titivit\u00e9. \u00a0 \u00a0 \u00a0 \u00a0 \u00a0 \u00a0 \u00a0 \u00a0 \u00a0 \u00a0 \u00a0 \u00a0 \u00a0 \u00a0 \u00a0 \u00a0 \u00a0 \u00a0 \u00a0 \u00a0 \u00a0 \u00a0 \u00a0 \u00a0 \u00a0 \u00a0 \u00a0 \u00a0 [&hellip;]<\/p>\n","protected":false},"author":3,"featured_media":0,"parent":0,"menu_order":0,"comment_status":"closed","ping_status":"closed","template":"","meta":{"footnotes":"","_links_to":"","_links_to_target":""},"class_list":["post-9071","page","type-page","status-publish","hentry"],"_links":{"self":[{"href":"https:\/\/organicfederation.ca\/fr\/wp-json\/wp\/v2\/pages\/9071","targetHints":{"allow":["GET"]}}],"collection":[{"href":"https:\/\/organicfederation.ca\/fr\/wp-json\/wp\/v2\/pages"}],"about":[{"href":"https:\/\/organicfederation.ca\/fr\/wp-json\/wp\/v2\/types\/page"}],"author":[{"embeddable":true,"href":"https:\/\/organicfederation.ca\/fr\/wp-json\/wp\/v2\/users\/3"}],"replies":[{"embeddable":true,"href":"https:\/\/organicfederation.ca\/fr\/wp-json\/wp\/v2\/comments?post=9071"}],"version-history":[{"count":103,"href":"https:\/\/organicfederation.ca\/fr\/wp-json\/wp\/v2\/pages\/9071\/revisions"}],"predecessor-version":[{"id":15568,"href":"https:\/\/organicfederation.ca\/fr\/wp-json\/wp\/v2\/pages\/9071\/revisions\/15568"}],"wp:attachment":[{"href":"https:\/\/organicfederation.ca\/fr\/wp-json\/wp\/v2\/media?parent=9071"}],"curies":[{"name":"wp","href":"https:\/\/api.w.org\/{rel}","templated":true}]}}